{"id":23,"date":"2015-02-11T22:34:57","date_gmt":"2015-02-11T21:34:57","guid":{"rendered":"http:\/\/192.168.1.2\/wordpress\/?page_id=23"},"modified":"2022-03-11T15:36:03","modified_gmt":"2022-03-11T14:36:03","slug":"bla","status":"publish","type":"page","link":"https:\/\/polit-bibliothek.ch\/?page_id=23","title":{"rendered":"Bibliothek"},"content":{"rendered":"<h3><strong>\u00d6ffnungszeiten<\/strong><\/h3>\n<p>Dienstag, 16 &#8211; 20 Uhr<br \/>\nDonnerstag, 14 &#8211; 18 Uhr<br \/>\nSamstag, 10 &#8211; 14 Uhr<\/p>\n<h3><\/h3>\n<h3>Lage<\/h3>\n<p>Die Polit Bibliothek befindet sich im Holligerhof 8, 3008 Bern. Am besten gelangt ihr \u00fcber die Rampe an der Nordostseite zu uns.<\/p>\n<p><a href=\"http:\/\/polit-bibliothek.ch\/wp-content\/uploads\/2022\/03\/Situationsplan-Polit-Biblio.jpg\"><img loading=\"lazy\" decoding=\"async\" class=\"size-large wp-image-320 aligncenter\" src=\"http:\/\/polit-bibliothek.ch\/wp-content\/uploads\/2022\/03\/Situationsplan-Polit-Biblio-644x679.jpg\" alt=\"\" width=\"644\" height=\"679\" srcset=\"https:\/\/polit-bibliothek.ch\/wp-content\/uploads\/2022\/03\/Situationsplan-Polit-Biblio-644x679.jpg 644w, https:\/\/polit-bibliothek.ch\/wp-content\/uploads\/2022\/03\/Situationsplan-Polit-Biblio-285x300.jpg 285w, https:\/\/polit-bibliothek.ch\/wp-content\/uploads\/2022\/03\/Situationsplan-Polit-Biblio-768x810.jpg 768w, https:\/\/polit-bibliothek.ch\/wp-content\/uploads\/2022\/03\/Situationsplan-Polit-Biblio-1457x1536.jpg 1457w, https:\/\/polit-bibliothek.ch\/wp-content\/uploads\/2022\/03\/Situationsplan-Polit-Biblio-1943x2048.jpg 1943w, https:\/\/polit-bibliothek.ch\/wp-content\/uploads\/2022\/03\/Situationsplan-Polit-Biblio-942x993.jpg 942w\" sizes=\"auto, (max-width: 644px) 100vw, 644px\" \/><\/a><\/p>\n<h3>Die Lokalit\u00e4t<\/h3>\n<p>Der Verein &#8216;Politische Bibliothek und Diskussion Bern&#8217; hat mit einem gegen Aussen offenen Raum in der Wohnbaugenossenschaft Warmb\u00e4chli die geeigneten R\u00e4umlichkeiten f\u00fcr die Bibliothek gefunden. Die Er\u00f6ffnung findet am 10. M\u00e4rz 2022 statt (siehe Veranstaltungen). In der Bibliothek werden mehrere Tausend B\u00fccher vorhanden sein, hinzu kommen relevante Zeitschriften. Es wird auch gen\u00fcgend Platz f\u00fcr kleinere, niederschwellige Veranstaltungen haben und mehrere Arbeits- und Lesepl\u00e4tze werden zur Verf\u00fcgung stehen. Die Lage im freundlichen Holligen-Quartier, welches in den n\u00e4chsten Jahren an Bedeutung gewinnen wird, ist f\u00fcr die Bibliothek optimal.<\/p>\n<p>Die R\u00e4umlichkeiten werden an mehreren Tagen ge\u00f6ffnet sein, so dass Dokumente, B\u00fccher und Zeitschriften zug\u00e4nglich sind und konsultiert werden k\u00f6nnen.<\/p>\n<h3>Die Idee<\/h3>\n<p>Der Verein &#8216;Politische Bibliothek und Diskussion Bern&#8217; verfolgt den Zweck Inhalte zu debattieren, das Lesen politischer Literatur zu f\u00f6rdern sowie Erfahrungen und Wissen zu sozialen Bewegungen und Theorien auszutauschen. Einerseits sollen durch die Kerngruppe des Vereines regelm\u00e4ssig Termine veranstaltet werden, andererseits sollen die R\u00e4umlichkeiten auch anderen Vereinsmitgliedern und Externen (kostenpflichtig) f\u00fcr Veranstaltungen zur Verf\u00fcgung stehen.<\/p>\n<p>Der Verein strebt eine vielseitige Mischung an Veranstaltungen an, m\u00f6glich sind:<br \/>\n\u2022 Diskussionen zu einem Thema<br \/>\n\u2022 Referate<br \/>\n\u2022 Erlebnis- oder Reisebereichte<br \/>\n\u2022 Buchvorstellungen<br \/>\n\u2022 Lesekreise<br \/>\n\u2022 Fotoausstellungen<br \/>\n\u2022 Filmvorf\u00fchrungen<\/p>\n","protected":false},"excerpt":{"rendered":"<p>\u00d6ffnungszeiten Dienstag, 16 &#8211; 20 Uhr Donnerstag, 14 &#8211; 18 Uhr Samstag, 10 &#8211; 14 Uhr Lage Die Polit Bibliothek befindet sich im Holligerhof 8, 3008 Bern. Am besten gelangt ihr \u00fcber die Rampe an der Nordostseite zu uns. Die&#8230;<br \/><a class=\"read-more-button\" href=\"https:\/\/polit-bibliothek.ch\/?page_id=23\">Read more<\/a><\/p>\n","protected":false},"author":2,"featured_media":0,"parent":0,"menu_order":0,"comment_status":"closed","ping_status":"closed","template":"template-without-title.php","meta":{"footnotes":""},"class_list":["post-23","page","type-page","status-publish","hentry"],"_links":{"self":[{"href":"https:\/\/polit-bibliothek.ch\/index.php?rest_route=\/wp\/v2\/pages\/23","targetHints":{"allow":["GET"]}}],"collection":[{"href":"https:\/\/polit-bibliothek.ch\/index.php?rest_route=\/wp\/v2\/pages"}],"about":[{"href":"https:\/\/polit-bibliothek.ch\/index.php?rest_route=\/wp\/v2\/types\/page"}],"author":[{"embeddable":true,"href":"https:\/\/polit-bibliothek.ch\/index.php?rest_route=\/wp\/v2\/users\/2"}],"replies":[{"embeddable":true,"href":"https:\/\/polit-bibliothek.ch\/index.php?rest_route=%2Fwp%2Fv2%2Fcomments&post=23"}],"version-history":[{"count":28,"href":"https:\/\/polit-bibliothek.ch\/index.php?rest_route=\/wp\/v2\/pages\/23\/revisions"}],"predecessor-version":[{"id":341,"href":"https:\/\/polit-bibliothek.ch\/index.php?rest_route=\/wp\/v2\/pages\/23\/revisions\/341"}],"wp:attachment":[{"href":"https:\/\/polit-bibliothek.ch\/index.php?rest_route=%2Fwp%2Fv2%2Fmedia&parent=23"}],"curies":[{"name":"wp","href":"https:\/\/api.w.org\/{rel}","templated":true}]}}