{"id":46,"date":"2015-02-17T00:15:08","date_gmt":"2015-02-16T23:15:08","guid":{"rendered":"http:\/\/192.168.1.2\/wordpress\/?page_id=46"},"modified":"2026-03-08T22:18:50","modified_gmt":"2026-03-08T21:18:50","slug":"news","status":"publish","type":"page","link":"https:\/\/polit-bibliothek.ch\/","title":{"rendered":"Aktuell"},"content":{"rendered":"<h2><strong>\u00d6ffnungszeiten<\/strong><\/h2>\n<p>Dienstag, 16 &#8211; 20 Uhr<br \/>Donnerstag, 14 &#8211; 18 Uhr<br \/>Samstag, 10 &#8211; 14 Uhr<\/p>\n<h2>Kommende Veranstaltungen<\/h2>\n<p><strong><br \/><\/strong><strong>Wie weiter in Venezuela? &#8211; <\/strong><strong>Der US-Angriff und seine Folgen<\/strong><\/p>\n<p><em>Mit einem Input von <strong>Philipp Zimmermann<\/strong>, Historiker und Autor beim Lateinamerika-Newsportal <a href=\"http:\/\/amerika21.de\" target=\"_blank\" rel=\"noopener\" data-saferedirecturl=\"https:\/\/www.google.com\/url?q=http:\/\/amerika21.de&amp;source=gmail&amp;ust=1773088199736000&amp;usg=AOvVaw1TJGLvvfo5clpkK8mczFR-\">amerika21.de<\/a> wollen wir offene Fragen diskutieren, die sich nach der Entf\u00fchrung des venezolanischen Pr\u00e4sident Nicol\u00e1s Maduro durch die USA stellen.<\/em><\/p>\n<p>Am 3. Januar 2026 starteten die Vereinigten Staaten in einer Nacht- und Nebelaktion einen Milit\u00e4rangriff auf die venezolanische Hauptstadt Caracas, entf\u00fchrten Pr\u00e4sident Nicol\u00e1s Maduro mit seiner Ehefrau Cilia Flores und setzten beide in New York in Untersuchungshaft. Bei dieser Entf\u00fchrung wurden etwa 100 Menschen get\u00f6tet. Seither hat Maduros Stellvertreterin Delcy Rodr\u00edguez die Staatsgesch\u00e4fte \u00fcbernommen. Das bisherige System scheint weiter zu funktionieren.\u00a0<\/p>\n<p>Nach Maduros Entf\u00fchrung liess der US-Pr\u00e4sident Trump durchblicken, dass die USA eine Vorherrschaft in der Region anstrebt \u2013 und machte keinen Hehl aus der Absicht, die \u00d6lexporte in Venezuela zu beschlagnahmen und die venezolanischen \u00d6leinnahmen \u201ezum Wohle des amerikanischen und venezolanischen Volkes\u201d verwalten zu wollen.\u00a0<\/p>\n<p>Obwohl das US-Vorgehen eindeutig gegen das V\u00f6lkerrecht verst\u00f6sst, blieb die Kritik in der internationalen Gemeinschaft wie innerhalb der Vereinigten Staaten \u00fcberraschend verhalten. Die Europ\u00e4ische Union bekr\u00e4ftigte in einer knappen Erkl\u00e4rung, dass das V\u00f6lkerrecht einzuhalten sei, w\u00e4hrend die lateinamerikanischen L\u00e4nder in dieser Frage gespalten blieben. Viele im Ausland lebende Venezolaner:innen reagierten mit Freude und hoffen nun auf einen Regimewechsel und ein Ende der politischen Unterdr\u00fcckung. Die tiefe humanit\u00e4re Krise in Venezuela hat fast acht Millionen Menschen ins Exil getrieben.\u00a0<\/p>\n<p>Wie geht es nun weiter f\u00fcr Venezuela? Gibt es Hoffnung auf ein besseres Leben? \u2013 Fragen und viele weitere, die wir diskutieren wollen.<\/p>\n<p>Anschliessend Austausch und Diskussion<\/p>\n<p><strong>Zu dieser Veranstaltung sind alle herzlich eingeladen &#8211; wir freuen uns \u00fcber zahlreiche Teilnahme und das Interesse!<\/strong><\/p>\n<p><em>Montag, 23. M\u00e4rz 2026, 19 Uhr, Polit Bibliothek, Holligerhof 8, 3008 Bern.<\/em><\/p>\n<p><a href=\"http:\/\/polit-bibliothek.ch\/wp-content\/uploads\/2026\/03\/260323_Venezuela_Flyer.pdf\">Flyer Venezuela<\/a><\/p>\n<hr \/>\n<p><strong>Tischgespr\u00e4che in der Politbibliothek<\/strong><\/p>\n<p><em>jeweils am Samstag ab 11 Uhr<\/em><\/p>\n<p>Auch im laufenden Jahr werden wieder samst\u00e4gliche Diskussionen in der Bibliothek durchgef\u00fchrt. Sie finden einmal im Monat statt, meist in der Monatsmitte. Ohne Vorbereitung kann an diesen Gespr\u00e4chen teilgenommen werden, sodass ein Austausch mit anderen Leuten aus dem Kreis der Bibliotheksinteressierten sowie in angenehmer und engagierter Weise stattfinden kann. Wir freuen uns auf eure Teilnahmen. F\u00fcr Snacks und \u00c4hnliches ist gesorgt, doch es kann auch selbst etwas mitgebracht werden.<\/p>\n<p><strong>Termine im laufenden Jahr<\/strong><\/p>\n<p>14.2., 21.3., 11.4., 16.5.; Juni ist noch nicht festgelegt<\/p>\n<p><strong>16. Mai<strong>: Klimakrise<\/strong><\/strong><\/p>\n<p>Die Klimaerw\u00e4rmung ist medial kein grosses Thema mehr. Haben wir resigniert und finden uns ab mit Hitzewellen, Starkregen und weiteren Naturkatastrophen? Oder vertrauen wir der Politik, dass wirkungsvolle Massnahmen gegen die Klimaerw\u00e4rmung getroffen werden? Und pers\u00f6nlich: habe ich mein Konsum- und Umwelthandeln wirklich ver\u00e4ndert? Wir tauschen uns zu diesem Themenspektrum frei aus und \u00fcberlegen, was es braucht, um das Netto-Null-Ziel zu erreichen.<\/p>\n<p><strong>11. April: K\u00fcnstliche Intelligenz<\/strong><\/p>\n<p>Diese wird extrem propagiert, sei es in Medien oder in der allt\u00e4glichen Anwendung von Chatbots oder neuen Robotern. Mit k\u00fcnstlicher Intelligenz sollen die grossen Probleme der Menschheit gel\u00f6st, aber auch individuelle Anliegen und Schwierigkeiten bew\u00e4ltigt werden. Doch was ist unter K\u00fcnstlicher Intelligenz zu verstehen, gibt es diese \u00fcberhaupt oder wie ist mein Umgang damit? Dar\u00fcber k\u00f6nnen wir aus verschiedenen Blickwinkeln diskutieren, um auch eine kritische Haltung gegen\u00fcber diesem Hype zu erhalten.<\/p>\n<p><strong>21. M\u00e4rz: Gaza \/ Naher Osten<\/strong><\/p>\n<p>Der Waffenstillstand in Gaza war und ist sehr br\u00fcchig. Bei \u00dcbergriffen hat die israelische Armee in den letzten Wochen mehrere hundert Pal\u00e4stinenser:innen get\u00f6tet. Die humanit\u00e4re Situation ist in Gaza und zunehmend auch in der Westbank \u00e4ussert prek\u00e4r.<\/p>\n<p>Hinzu kommt nun der israelisch-amerikanische Angriffskrieg gegen den Iran mit ebenfalls vielen Verletzten und Toten.<\/p>\n<p>\u00dcber die explosive Lage im Nahen Osten wollen wir reden, gleichzeitig auch die neuesten Entwicklungen einbeziehen und insbesondere die Konsequenzen f\u00fcr die Zivilbev\u00f6lkerungen sowie die Auswirkungen auf Europa, bzw. auf die Positionen europ\u00e4ischer Regierungen behandeln.<\/p>\n<p><strong>14. Februar: Venezuela wohin?<\/strong><\/p>\n<p>Am 3. Januar wurden der venezolanische Staatschef Nicol\u00e1s Maduro und seine Ehefrau Cilia Flores durch die USA in einer Nacht-und Nebelaktion festgenommen und in New York in Untersuchungshaft gesetzt. Bei dieser Entf\u00fchrung wurden etwa 100 Menschen get\u00f6tet. Die Staatsgesch\u00e4fte \u00fcbernimmt seither seine Stellvertreterin Delcy Rodr\u00edguez. Mit ihr scheint das bisherige System weiter zu funktionieren. Doch dazu gibt es viele Fragen, \u00fcber die wir diskutieren wollen.<\/p>\n<hr \/>\n<h2>Neu: Brett- und Kartenspiele<\/h2>\n<p>Neu bieten wir Brett- und Kartenspiele an, die zum Zeitvertrieb in der Bibliothek gespielt werden k\u00f6nnen. Mitglieder der Polit Bibliothek und Bewohnende des Holligerhofs 8 k\u00f6nnen die Spiele auch ausleihen. Darunter finden sich Spiele f\u00fcr Kenner:innen, Familien und Kinder. Ausserdem haben wir einige interessante Comic aufgenommen. Die Themen sind vielf\u00e4ltig; von Identit\u00e4tsfragen, \u00fcber Feminismus und Kapitalismus bis hin zu historischen Ereignissen und Reportagen ist einiges dabei. Eine Liste der verf\u00fcgbaren Comic gibt es hier:<\/p>\n<p><a href=\"http:\/\/polit-bibliothek.ch\/wp-content\/uploads\/2023\/02\/Comic-der-Politbibliothek-1.pdf\">Comic der Politbibliothek<\/a><\/p>\n<p><a href=\"http:\/\/polit-bibliothek.ch\/wp-content\/uploads\/2023\/02\/Spiele-der-Politbibliothek.pdf\">Spiele der Politbibliothek<\/a><\/p>\n<h2>Das Buch am Montag<\/h2>\n<p>Ungef\u00e4hr monatlich an einem Montag organisieren wir eine spannende Buchbesprechung in der Polit Bibliothek Bern.<\/p>\n<p>Wenn du daran interessiert bist, selber eine Buchpr\u00e4sentation in diesem Rahmen oder eine andere Veranstaltung durchzuf\u00fchren, melde dich bei uns.<\/p>\n\n\n<p><\/p>\n","protected":false},"excerpt":{"rendered":"<p>\u00d6ffnungszeiten Dienstag, 16 &#8211; 20 UhrDonnerstag, 14 &#8211; 18 UhrSamstag, 10 &#8211; 14 Uhr Kommende Veranstaltungen Wie weiter in Venezuela? &#8211; Der US-Angriff und seine Folgen Mit einem Input von Philipp Zimmermann, Historiker und Autor beim Lateinamerika-Newsportal amerika21.de wollen wir&#8230;<br \/><a class=\"read-more-button\" href=\"https:\/\/polit-bibliothek.ch\/\">Read more<\/a><\/p>\n","protected":false},"author":2,"featured_media":0,"parent":0,"menu_order":0,"comment_status":"closed","ping_status":"closed","template":"template-without-title.php","meta":{"footnotes":""},"class_list":["post-46","page","type-page","status-publish","hentry"],"_links":{"self":[{"href":"https:\/\/polit-bibliothek.ch\/index.php?rest_route=\/wp\/v2\/pages\/46","targetHints":{"allow":["GET"]}}],"collection":[{"href":"https:\/\/polit-bibliothek.ch\/index.php?rest_route=\/wp\/v2\/pages"}],"about":[{"href":"https:\/\/polit-bibliothek.ch\/index.php?rest_route=\/wp\/v2\/types\/page"}],"author":[{"embeddable":true,"href":"https:\/\/polit-bibliothek.ch\/index.php?rest_route=\/wp\/v2\/users\/2"}],"replies":[{"embeddable":true,"href":"https:\/\/polit-bibliothek.ch\/index.php?rest_route=%2Fwp%2Fv2%2Fcomments&post=46"}],"version-history":[{"count":129,"href":"https:\/\/polit-bibliothek.ch\/index.php?rest_route=\/wp\/v2\/pages\/46\/revisions"}],"predecessor-version":[{"id":618,"href":"https:\/\/polit-bibliothek.ch\/index.php?rest_route=\/wp\/v2\/pages\/46\/revisions\/618"}],"wp:attachment":[{"href":"https:\/\/polit-bibliothek.ch\/index.php?rest_route=%2Fwp%2Fv2%2Fmedia&parent=46"}],"curies":[{"name":"wp","href":"https:\/\/api.w.org\/{rel}","templated":true}]}}